{"id":361,"date":"2016-02-17T14:13:53","date_gmt":"2016-02-17T14:13:53","guid":{"rendered":"https:\/\/jrmc.preview.pi-com.ch\/home\/"},"modified":"2021-05-14T13:45:05","modified_gmt":"2021-05-14T11:45:05","slug":"home","status":"publish","type":"page","link":"https:\/\/jrmc.ch\/en\/","title":{"rendered":"Home"},"content":{"rendered":"<div class=\"wpb-content-wrapper\"><p>[vc_row css_animation=&#8221;&#8221; row_type=&#8221;row&#8221; use_row_as_full_screen_section=&#8221;no&#8221; type=&#8221;full_width&#8221; angled_section=&#8221;no&#8221; text_align=&#8221;left&#8221; background_image_as_pattern=&#8221;without_pattern&#8221; el_class=&#8221;hide&#8221;][vc_column][vc_separator type=&#8221;transparent&#8221; thickness=&#8221;0&#8243; up=&#8221;32&#8243; down=&#8221;0&#8243;][vc_row_inner row_type=&#8221;row&#8221; type=&#8221;grid&#8221; text_align=&#8221;left&#8221; css_animation=&#8221;&#8221;][vc_column_inner][vc_column_text]<\/p>\n<h2>Our latest research<\/h2>\n<p>[\/vc_column_text][vc_separator type=&#8221;transparent&#8221; thickness=&#8221;0&#8243; up=&#8221;32&#8243; down=&#8221;0&#8243;][\/vc_column_inner][\/vc_row_inner][vc_column_text]<div class='marquee-hsas-shortcode-43' style='width: 100%;overflow: hidden;'><span style=\"\">CIO\/responsable informatique \u2013 Consultant fonctionnel finance et\/ou immobilier<\/span><\/div><script>jQuery(function(){jQuery('.marquee-hsas-shortcode-43').marquee({allowCss3Support: true,css3easing: 'linear',easing: 'linear',delayBeforeStart: 2000,direction: 'right',duplicated: true,duration: 25000,gap: 1,pauseOnCycle: true,pauseOnHover: true,startVisible: true});});<\/script><\/p>\n<div class='marquee-hsas-shortcode-52' style='width: 100%;overflow: hidden;'><span style=\"\">RSSI\/RSO \u2013 Ing\u00e9nieur syst\u00e8mes et r\u00e9seaux \u2013 Chef de projets g\u00e9nie civil \u2013 Ing\u00e9nieur logiciel \/ d\u00e9veloppeur<\/span><\/div><script>jQuery(function(){jQuery('.marquee-hsas-shortcode-52').marquee({allowCss3Support: true,css3easing: 'linear',easing: 'linear',delayBeforeStart: 2000,direction: 'right',duplicated: true,duration: 20000,gap: 1,pauseOnCycle: true,pauseOnHover: true,startVisible: true});});<\/script>\n<div class='marquee-hsas-shortcode-18' style='width: 100%;overflow: hidden;'><span style=\"\">HR Business Partner (global functions) \u2013 DevOps Engineer \u2013 ICT Sales Director<\/span><\/div><script>jQuery(function(){jQuery('.marquee-hsas-shortcode-18').marquee({allowCss3Support: true,css3easing: 'linear',easing: 'linear',delayBeforeStart: 2000,direction: 'right',duplicated: true,duration: 15000,gap: 1,pauseOnCycle: true,pauseOnHover: true,startVisible: true});});<\/script>[\/vc_column_text][vc_separator type=&#8221;transparent&#8221; thickness=&#8221;0&#8243; up=&#8221;32&#8243; down=&#8221;0&#8243;][\/vc_column][\/vc_row][vc_row css_animation=&#8221;&#8221; row_type=&#8221;row&#8221; use_row_as_full_screen_section=&#8221;no&#8221; type=&#8221;grid&#8221; angled_section=&#8221;no&#8221; text_align=&#8221;left&#8221; background_image_as_pattern=&#8221;without_pattern&#8221; background_color=&#8221;#ffffff&#8221; border_color=&#8221;#ffffff&#8221; css=&#8221;.vc_custom_1498519108392{padding-top: 50px !important;padding-bottom: 50px !important;background-color: #ffffff !important;}&#8221;][vc_column width=&#8221;1\/2&#8243; css=&#8221;.vc_custom_1456148217813{padding-right: 5% !important;}&#8221; offset=&#8221;vc_col-lg-6 vc_col-md-6&#8243;][vc_separator type=&#8221;transparent&#8221; thickness=&#8221;0&#8243; up=&#8221;53&#8243; down=&#8221;0&#8243;][vc_column_text]<\/p>\n<h2>JRMC &amp; Associ\u00e9s<\/h2>\n<p>[\/vc_column_text][vc_separator type=&#8221;transparent&#8221; thickness=&#8221;0&#8243; up=&#8221;32&#8243; down=&#8221;0&#8243;][vc_column_text]<\/p>\n<p align=\"justify\">Founded at the end of the nineties, JRMC &amp; Associ\u00e9s is active in the <strong>recruitment<\/strong> and <strong>selection<\/strong> of <strong>executives and specialists<\/strong> throughout the Swiss market, particularly in the Lake Geneva region. Over these two decades of activity, JRMC &amp; Associ\u00e9s has managed to positioning itself as a <strong>true reference in the French-speaking area of Switzerland<\/strong>. The associates and partners benefit together from a <strong>vast professional experience<\/strong> and an important <strong>network of contacts<\/strong>.<\/p>\n<p>&nbsp;<\/p>\n<p align=\"justify\">JRMC &amp; Associ\u00e9s has a thorough understanding of the professions and profiles sought: bringing a solid competence in the <strong>identification<\/strong>, <strong>selection<\/strong> and <strong>evaluation<\/strong> of collaborators, the firm strives to meet the needs of its clients.<\/p>\n<p>&nbsp;<\/p>\n<p align=\"justify\">JRMC &amp; Associ\u00e9s focuses essentially on the search for profiles active in the <strong>information technology and telecommunications<\/strong>, <strong>human resources<\/strong>, <strong>engineering<\/strong> and <strong>R&amp;D<\/strong> sectors. The firm also recruits executive managerial profiles in a wide array of industries and functions.<\/p>\n<p>[\/vc_column_text][vc_separator type=&#8221;transparent&#8221; thickness=&#8221;0&#8243; up=&#8221;61&#8243; down=&#8221;0&#8243;][\/vc_column][vc_column width=&#8221;1\/2&#8243;][vc_single_image image=&#8221;831&#8243; img_size=&#8221;large&#8221; alignment=&#8221;right&#8221; qode_css_animation=&#8221;&#8221;][\/vc_column][\/vc_row]<\/p>\n<\/div>","protected":false},"excerpt":{"rendered":"<p>[vc_row css_animation=&#8221;&#8221; row_type=&#8221;row&#8221; use_row_as_full_screen_section=&#8221;no&#8221; type=&#8221;full_width&#8221; angled_section=&#8221;no&#8221; text_align=&#8221;left&#8221; background_image_as_pattern=&#8221;without_pattern&#8221; el_class=&#8221;hide&#8221;][vc_column][vc_separator type=&#8221;transparent&#8221; thickness=&#8221;0&#8243; up=&#8221;32&#8243; down=&#8221;0&#8243;][vc_row_inner row_type=&#8221;row&#8221; type=&#8221;grid&#8221; text_align=&#8221;left&#8221; css_animation=&#8221;&#8221;][vc_column_inner][vc_column_text] Our latest research [\/vc_column_text][vc_separator type=&#8221;transparent&#8221; thickness=&#8221;0&#8243; up=&#8221;32&#8243; down=&#8221;0&#8243;][\/vc_column_inner][\/vc_row_inner][vc_column_text] [\/vc_column_text][vc_separator type=&#8221;transparent&#8221; thickness=&#8221;0&#8243; up=&#8221;32&#8243; down=&#8221;0&#8243;][\/vc_column][\/vc_row][vc_row css_animation=&#8221;&#8221; row_type=&#8221;row&#8221; use_row_as_full_screen_section=&#8221;no&#8221; type=&#8221;grid&#8221; angled_section=&#8221;no&#8221; text_align=&#8221;left&#8221; background_image_as_pattern=&#8221;without_pattern&#8221; background_color=&#8221;#ffffff&#8221; border_color=&#8221;#ffffff&#8221; css=&#8221;.vc_custom_1498519108392{padding-top: 50px !important;padding-bottom: 50px !important;background-color: #ffffff&#8230;<\/p>\n","protected":false},"author":1,"featured_media":0,"parent":0,"menu_order":1,"comment_status":"closed","ping_status":"closed","template":"full_width.php","meta":{"_acf_changed":false,"footnotes":""},"class_list":["post-361","page","type-page","status-publish","hentry"],"acf":[],"_links":{"self":[{"href":"https:\/\/jrmc.ch\/en\/wp-json\/wp\/v2\/pages\/361","targetHints":{"allow":["GET"]}}],"collection":[{"href":"https:\/\/jrmc.ch\/en\/wp-json\/wp\/v2\/pages"}],"about":[{"href":"https:\/\/jrmc.ch\/en\/wp-json\/wp\/v2\/types\/page"}],"author":[{"embeddable":true,"href":"https:\/\/jrmc.ch\/en\/wp-json\/wp\/v2\/users\/1"}],"replies":[{"embeddable":true,"href":"https:\/\/jrmc.ch\/en\/wp-json\/wp\/v2\/comments?post=361"}],"version-history":[{"count":61,"href":"https:\/\/jrmc.ch\/en\/wp-json\/wp\/v2\/pages\/361\/revisions"}],"predecessor-version":[{"id":960,"href":"https:\/\/jrmc.ch\/en\/wp-json\/wp\/v2\/pages\/361\/revisions\/960"}],"wp:attachment":[{"href":"https:\/\/jrmc.ch\/en\/wp-json\/wp\/v2\/media?parent=361"}],"curies":[{"name":"wp","href":"https:\/\/api.w.org\/{rel}","templated":true}]}}